{"id":1794,"date":"2024-01-19T10:16:05","date_gmt":"2024-01-19T09:16:05","guid":{"rendered":"https:\/\/coleccion.ostatu.com\/contact\/"},"modified":"2024-02-02T14:00:09","modified_gmt":"2024-02-02T13:00:09","slug":"contact","status":"publish","type":"page","link":"https:\/\/coleccion.ostatu.com\/en\/contact\/","title":{"rendered":"Contact"},"content":{"rendered":"\t\t<div data-elementor-type=\"wp-page\" data-elementor-id=\"1794\" class=\"elementor elementor-1794 elementor-812\">\n\t\t\t\t\t\t<section class=\"elementor-section elementor-top-section elementor-element elementor-element-2ae3b309 elementor-section-stretched elementor-section-boxed elementor-section-height-default elementor-section-height-default\" data-id=\"2ae3b309\" data-element_type=\"section\" data-e-type=\"section\" data-settings=\"{&quot;stretch_section&quot;:&quot;section-stretched&quot;}\">\n\t\t\t\t\t\t<div class=\"elementor-container elementor-column-gap-default\">\n\t\t\t\t\t<div class=\"elementor-column elementor-col-33 elementor-top-column elementor-element elementor-element-6a6eb20a\" data-id=\"6a6eb20a\" data-element_type=\"column\" data-e-type=\"column\">\n\t\t\t<div class=\"elementor-widget-wrap\">\n\t\t\t\t\t\t\t<\/div>\n\t\t<\/div>\n\t\t\t\t<div class=\"elementor-column elementor-col-33 elementor-top-column elementor-element elementor-element-5647790f post-content\" data-id=\"5647790f\" data-element_type=\"column\" data-e-type=\"column\">\n\t\t\t<div class=\"elementor-widget-wrap elementor-element-populated\">\n\t\t\t\t\t\t<section class=\"elementor-section elementor-inner-section elementor-element elementor-element-489135be elementor-section-full_width elementor-section-height-default elementor-section-height-default\" data-id=\"489135be\" data-element_type=\"section\" data-e-type=\"section\">\n\t\t\t\t\t\t<div class=\"elementor-container elementor-column-gap-default\">\n\t\t\t\t\t<div class=\"elementor-column elementor-col-50 elementor-inner-column elementor-element elementor-element-4afe2fc5 post-col-1\" data-id=\"4afe2fc5\" data-element_type=\"column\" data-e-type=\"column\">\n\t\t\t<div class=\"elementor-widget-wrap elementor-element-populated\">\n\t\t\t\t\t\t<div class=\"elementor-element elementor-element-7a25f72 elementor-widget elementor-widget-image\" data-id=\"7a25f72\" data-element_type=\"widget\" data-e-type=\"widget\" data-widget_type=\"image.default\">\n\t\t\t\t<div class=\"elementor-widget-container\">\n\t\t\t\t\t\t\t\t\t\t\t\t\t\t\t\t<a href=\"https:\/\/coleccion.ostatu.com\/en\">\n\t\t\t\t\t\t\t<img decoding=\"async\" width=\"199\" height=\"116\" src=\"https:\/\/coleccion.ostatu.com\/wp-content\/uploads\/2024\/02\/Logo-Ostatu_Vertical_Color_F-1.jpg\" class=\"attachment-large size-large wp-image-2309\" alt=\"\" \/>\t\t\t\t\t\t\t\t<\/a>\n\t\t\t\t\t\t\t\t\t\t\t\t\t\t\t<\/div>\n\t\t\t\t<\/div>\n\t\t\t\t<div class=\"elementor-element elementor-element-2747f967 elementor-widget elementor-widget-heading\" data-id=\"2747f967\" data-element_type=\"widget\" data-e-type=\"widget\" data-widget_type=\"heading.default\">\n\t\t\t\t<div class=\"elementor-widget-container\">\n\t\t\t\t\t<h1 class=\"elementor-heading-title elementor-size-default\">CONTACT WITH US<\/h1>\t\t\t\t<\/div>\n\t\t\t\t<\/div>\n\t\t\t\t\t<\/div>\n\t\t<\/div>\n\t\t\t\t<div class=\"elementor-column elementor-col-50 elementor-inner-column elementor-element elementor-element-4e2d955 post-col-2\" data-id=\"4e2d955\" data-element_type=\"column\" data-e-type=\"column\">\n\t\t\t<div class=\"elementor-widget-wrap elementor-element-populated\">\n\t\t\t\t\t\t<div class=\"elementor-element elementor-element-39abaea6 elementor-widget elementor-widget-spacer\" data-id=\"39abaea6\" data-element_type=\"widget\" data-e-type=\"widget\" data-widget_type=\"spacer.default\">\n\t\t\t\t<div class=\"elementor-widget-container\">\n\t\t\t\t\t\t\t<div class=\"elementor-spacer\">\n\t\t\t<div class=\"elementor-spacer-inner\"><\/div>\n\t\t<\/div>\n\t\t\t\t\t\t<\/div>\n\t\t\t\t<\/div>\n\t\t\t\t\t<\/div>\n\t\t<\/div>\n\t\t\t\t\t<\/div>\n\t\t<\/section>\n\t\t\t\t<div class=\"elementor-element elementor-element-581c7487 elementor-widget elementor-widget-text-editor\" data-id=\"581c7487\" data-element_type=\"widget\" data-e-type=\"widget\" data-widget_type=\"text-editor.default\">\n\t\t\t\t<div class=\"elementor-widget-container\">\n\t\t\t\t\t\t\t\t\t<p>If you want to contact Ostatu for any information, or questions about <strong>national distribution<\/strong>, <strong>exports<\/strong>\u00a0or <strong>winemaking<\/strong>,\u00a0 you can contact us:<\/p>\t\t\t\t\t\t\t\t<\/div>\n\t\t\t\t<\/div>\n\t\t\t\t<div class=\"elementor-element elementor-element-73ba0e0 elementor-widget elementor-widget-eael-image-accordion\" data-id=\"73ba0e0\" data-element_type=\"widget\" data-e-type=\"widget\" data-widget_type=\"eael-image-accordion.default\">\n\t\t\t\t<div class=\"elementor-widget-container\">\n\t\t\t\t\t    <div class=\"eael-img-accordion accordion-direction-horizontal eael-img-accordion-horizontal-align-center eael-img-accordion-vertical-align-center\" id=\"eael-img-accordion-73ba0e0\" data-img-accordion-id=\"73ba0e0\" data-img-accordion-type=\"on-hover\">\n                    \n            <div class=\"eael-image-accordion-hover eael-image-accordion-item\" style=\"background-image: url(https:\/\/coleccion.ostatu.com\/wp-content\/uploads\/2024\/01\/Gonzalo1.jpg);\"  tabindex=\"0\">\n                <div class=\"overlay\">\n                                        <div class=\"overlay-inner \">\n                        <h2 class=\"img-accordion-title\">NATIONAL DISTRIBUTION<\/h2>                            <p><p>Gonzalo S\u00e1enz de Samaniego<br \/><a style=\"color: #83804c;font-weight: bolder\" href=\"mailto:gonzalo@ostatu.com\">gonzalo@ostatu.com<\/a><br \/><a style=\"color: #83804c;font-weight: bolder\" href=\"tel:+34688666161\">+34 688 666 161<\/a><\/p>\n<\/p>\n                                            <\/div>\n                <\/div>\n            <\/div>\n                    \n            <div class=\"eael-image-accordion-hover eael-image-accordion-item\" style=\"background-image: url(https:\/\/coleccion.ostatu.com\/wp-content\/uploads\/2024\/01\/masun1.jpg);\"  tabindex=\"0\">\n                <div class=\"overlay\">\n                                        <div class=\"overlay-inner \">\n                        <h2 class=\"img-accordion-title\">EXPORT AREA<\/h2>                            <p><p>Mariasun S\u00e1enz de Samaniego<br \/><a style=\"color: #83804c;font-weight: bolder\" href=\"mailto:info@ostatu.com\">info@ostatu.com<\/a><br \/><a style=\"color: #83804c;font-weight: bolder\" href=\"tel:+34656708858\">+34 656 708 858<\/a><\/p>\n<\/p>\n                                            <\/div>\n                <\/div>\n            <\/div>\n                    \n            <div class=\"eael-image-accordion-hover eael-image-accordion-item\" style=\"background-image: url(https:\/\/coleccion.ostatu.com\/wp-content\/uploads\/2024\/02\/Inigo-ostatu.jpg);\"  tabindex=\"0\">\n                <div class=\"overlay\">\n                                        <div class=\"overlay-inner \">\n                        <h2 class=\"img-accordion-title\">ENOLOGY AND VITICULTURE<\/h2>                            <p><p>I\u00f1igo S\u00e1enz de Samaniego<br \/><a style=\"color: #83804c;font-weight: bolder\" href=\"mailto:inigo@ostatu.com\">inigo@ostatu.com<\/a><br \/><a style=\"color: #83804c;font-weight: bolder\" href=\"tel:+34688616717\">+34 688 61 67 17<\/a><\/p><\/p>\n                                            <\/div>\n                <\/div>\n            <\/div>\n                <\/div>\n        <style typr=\"text\/css\">\n                    #eael-img-accordion-73ba0e0 .eael-image-accordion-hover:hover {\n                        flex: 3 1 0% !important;\n                    }\n                    #eael-img-accordion-73ba0e0 .eael-image-accordion-hover:hover:hover .overlay-inner * {\n                        opacity: 1;\n                        visibility: visible;\n                        transform: none;\n                        transition: all .3s .3s;\n                    }\n                <\/style>\t\t\t\t<\/div>\n\t\t\t\t<\/div>\n\t\t\t\t<div class=\"elementor-element elementor-element-baea01b elementor-widget elementor-widget-text-editor\" data-id=\"baea01b\" data-element_type=\"widget\" data-e-type=\"widget\" data-widget_type=\"text-editor.default\">\n\t\t\t\t<div class=\"elementor-widget-container\">\n\t\t\t\t\t\t\t\t\t<p><em>&#8220;Our wines are the maximum expression and reflection of the tradition of our family and the personality of our vineyards.&#8221;<\/em><\/p>\t\t\t\t\t\t\t\t<\/div>\n\t\t\t\t<\/div>\n\t\t\t\t\t<\/div>\n\t\t<\/div>\n\t\t\t\t<div class=\"elementor-column elementor-col-33 elementor-top-column elementor-element elementor-element-dd7fe8d\" data-id=\"dd7fe8d\" data-element_type=\"column\" data-e-type=\"column\">\n\t\t\t<div class=\"elementor-widget-wrap\">\n\t\t\t\t\t\t\t<\/div>\n\t\t<\/div>\n\t\t\t\t\t<\/div>\n\t\t<\/section>\n\t\t\t\t<\/div>\n\t\t","protected":false},"excerpt":{"rendered":"<p>CONTACT WITH US If you want to contact Ostatu for any information, or questions about national distribution, exports\u00a0or winemaking,\u00a0 you can contact us: NATIONAL DISTRIBUTION Gonzalo S\u00e1enz de Samaniegogonzalo@ostatu.com+34 688 666 161 EXPORT AREA Mariasun S\u00e1enz de Samaniegoinfo@ostatu.com+34 656 708 858 ENOLOGY AND VITICULTURE I\u00f1igo S\u00e1enz de Samaniegoinigo@ostatu.com+34 688 61 67 17 &#8220;Our wines are [&hellip;]<\/p>\n","protected":false},"author":1,"featured_media":1751,"parent":0,"menu_order":7,"comment_status":"closed","ping_status":"closed","template":"elementor_header_footer","meta":{"site-sidebar-layout":"no-sidebar","site-content-layout":"","ast-site-content-layout":"","site-content-style":"default","site-sidebar-style":"default","ast-global-header-display":"","ast-banner-title-visibility":"","ast-main-header-display":"","ast-hfb-above-header-display":"","ast-hfb-below-header-display":"","ast-hfb-mobile-header-display":"","site-post-title":"disabled","ast-breadcrumbs-content":"","ast-featured-img":"disabled","footer-sml-layout":"","theme-transparent-header-meta":"","adv-header-id-meta":"","stick-header-meta":"","header-above-stick-meta":"","header-main-stick-meta":"","header-below-stick-meta":"","astra-migrate-meta-layouts":"default","ast-page-background-enabled":"default","ast-page-background-meta":{"desktop":{"background-color":"var(--ast-global-color-4)","background-image":"","background-repeat":"repeat","background-position":"center center","background-size":"auto","background-attachment":"scroll","background-type":"","background-media":"","overlay-type":"","overlay-color":"","overlay-gradient":""},"tablet":{"background-color":"","background-image":"","background-repeat":"repeat","background-position":"center center","background-size":"auto","background-attachment":"scroll","background-type":"","background-media":"","overlay-type":"","overlay-color":"","overlay-gradient":""},"mobile":{"background-color":"","background-image":"","background-repeat":"repeat","background-position":"center center","background-size":"auto","background-attachment":"scroll","background-type":"","background-media":"","overlay-type":"","overlay-color":"","overlay-gradient":""}},"ast-content-background-meta":{"desktop":{"background-color":"var(--ast-global-color-5)","background-image":"","background-repeat":"repeat","background-position":"center center","background-size":"auto","background-attachment":"scroll","background-type":"","background-media":"","overlay-type":"","overlay-color":"","overlay-gradient":""},"tablet":{"background-color":"var(--ast-global-color-5)","background-image":"","background-repeat":"repeat","background-position":"center center","background-size":"auto","background-attachment":"scroll","background-type":"","background-media":"","overlay-type":"","overlay-color":"","overlay-gradient":""},"mobile":{"background-color":"var(--ast-global-color-5)","background-image":"","background-repeat":"repeat","background-position":"center center","background-size":"auto","background-attachment":"scroll","background-type":"","background-media":"","overlay-type":"","overlay-color":"","overlay-gradient":""}},"footnotes":""},"class_list":["post-1794","page","type-page","status-publish","has-post-thumbnail","hentry"],"yoast_head":"<!-- This site is optimized with the Yoast SEO plugin v24.2 - https:\/\/yoast.com\/wordpress\/plugins\/seo\/ -->\n<title>Contact - Bodegas Ostatu - Vi\u00f1edos en Rioja Alavesa<\/title>\n<meta name=\"robots\" content=\"index, follow, max-snippet:-1, max-image-preview:large, max-video-preview:-1\" \/>\n<link rel=\"canonical\" href=\"https:\/\/coleccion.ostatu.com\/en\/contact\/\" \/>\n<meta property=\"og:locale\" content=\"en_US\" \/>\n<meta property=\"og:type\" content=\"article\" \/>\n<meta property=\"og:title\" content=\"Contact - Bodegas Ostatu - Vi\u00f1edos en Rioja Alavesa\" \/>\n<meta property=\"og:description\" content=\"CONTACT WITH US If you want to contact Ostatu for any information, or questions about national distribution, exports\u00a0or winemaking,\u00a0 you can contact us: NATIONAL DISTRIBUTION Gonzalo S\u00e1enz de Samaniegogonzalo@ostatu.com+34 688 666 161 EXPORT AREA Mariasun S\u00e1enz de Samaniegoinfo@ostatu.com+34 656 708 858 ENOLOGY AND VITICULTURE I\u00f1igo S\u00e1enz de Samaniegoinigo@ostatu.com+34 688 61 67 17 &#8220;Our wines are [&hellip;]\" \/>\n<meta property=\"og:url\" content=\"https:\/\/coleccion.ostatu.com\/en\/contact\/\" \/>\n<meta property=\"og:site_name\" content=\"Bodegas Ostatu - Vi\u00f1edos en Rioja Alavesa\" \/>\n<meta property=\"article:modified_time\" content=\"2024-02-02T13:00:09+00:00\" \/>\n<meta property=\"og:image\" content=\"https:\/\/coleccion.ostatu.com\/wp-content\/uploads\/2024\/01\/vinedo.jpg\" \/>\n\t<meta property=\"og:image:width\" content=\"298\" \/>\n\t<meta property=\"og:image:height\" content=\"958\" \/>\n\t<meta property=\"og:image:type\" content=\"image\/jpeg\" \/>\n<meta name=\"twitter:card\" content=\"summary_large_image\" \/>\n<meta name=\"twitter:label1\" content=\"Est. reading time\" \/>\n\t<meta name=\"twitter:data1\" content=\"1 minute\" \/>\n<script type=\"application\/ld+json\" class=\"yoast-schema-graph\">{\"@context\":\"https:\/\/schema.org\",\"@graph\":[{\"@type\":\"WebPage\",\"@id\":\"https:\/\/coleccion.ostatu.com\/en\/contact\/\",\"url\":\"https:\/\/coleccion.ostatu.com\/en\/contact\/\",\"name\":\"Contact - Bodegas Ostatu - Vi\u00f1edos en Rioja Alavesa\",\"isPartOf\":{\"@id\":\"https:\/\/coleccion.ostatu.com\/en\/#website\"},\"primaryImageOfPage\":{\"@id\":\"https:\/\/coleccion.ostatu.com\/en\/contact\/#primaryimage\"},\"image\":{\"@id\":\"https:\/\/coleccion.ostatu.com\/en\/contact\/#primaryimage\"},\"thumbnailUrl\":\"https:\/\/coleccion.ostatu.com\/wp-content\/uploads\/2024\/01\/vinedo.jpg\",\"datePublished\":\"2024-01-19T09:16:05+00:00\",\"dateModified\":\"2024-02-02T13:00:09+00:00\",\"breadcrumb\":{\"@id\":\"https:\/\/coleccion.ostatu.com\/en\/contact\/#breadcrumb\"},\"inLanguage\":\"en-US\",\"potentialAction\":[{\"@type\":\"ReadAction\",\"target\":[\"https:\/\/coleccion.ostatu.com\/en\/contact\/\"]}]},{\"@type\":\"ImageObject\",\"inLanguage\":\"en-US\",\"@id\":\"https:\/\/coleccion.ostatu.com\/en\/contact\/#primaryimage\",\"url\":\"https:\/\/coleccion.ostatu.com\/wp-content\/uploads\/2024\/01\/vinedo.jpg\",\"contentUrl\":\"https:\/\/coleccion.ostatu.com\/wp-content\/uploads\/2024\/01\/vinedo.jpg\",\"width\":298,\"height\":958},{\"@type\":\"BreadcrumbList\",\"@id\":\"https:\/\/coleccion.ostatu.com\/en\/contact\/#breadcrumb\",\"itemListElement\":[{\"@type\":\"ListItem\",\"position\":1,\"name\":\"Portada\",\"item\":\"https:\/\/coleccion.ostatu.com\/en\/\"},{\"@type\":\"ListItem\",\"position\":2,\"name\":\"Contact\"}]},{\"@type\":\"WebSite\",\"@id\":\"https:\/\/coleccion.ostatu.com\/en\/#website\",\"url\":\"https:\/\/coleccion.ostatu.com\/en\/\",\"name\":\"Bodegas Ostatu - Vi\u00f1edos en Rioja Alavesa\",\"description\":\"\",\"publisher\":{\"@id\":\"https:\/\/coleccion.ostatu.com\/en\/#organization\"},\"potentialAction\":[{\"@type\":\"SearchAction\",\"target\":{\"@type\":\"EntryPoint\",\"urlTemplate\":\"https:\/\/coleccion.ostatu.com\/en\/?s={search_term_string}\"},\"query-input\":{\"@type\":\"PropertyValueSpecification\",\"valueRequired\":true,\"valueName\":\"search_term_string\"}}],\"inLanguage\":\"en-US\"},{\"@type\":\"Organization\",\"@id\":\"https:\/\/coleccion.ostatu.com\/en\/#organization\",\"name\":\"Bodegas Ostatu - Vi\u00f1edos en Rioja Alavesa\",\"url\":\"https:\/\/coleccion.ostatu.com\/en\/\",\"logo\":{\"@type\":\"ImageObject\",\"inLanguage\":\"en-US\",\"@id\":\"https:\/\/coleccion.ostatu.com\/en\/#\/schema\/logo\/image\/\",\"url\":\"https:\/\/coleccion.ostatu.com\/wp-content\/uploads\/2024\/01\/logo.png\",\"contentUrl\":\"https:\/\/coleccion.ostatu.com\/wp-content\/uploads\/2024\/01\/logo.png\",\"width\":156,\"height\":40,\"caption\":\"Bodegas Ostatu - Vi\u00f1edos en Rioja Alavesa\"},\"image\":{\"@id\":\"https:\/\/coleccion.ostatu.com\/en\/#\/schema\/logo\/image\/\"}}]}<\/script>\n<!-- \/ Yoast SEO plugin. -->","yoast_head_json":{"title":"Contact - Bodegas Ostatu - Vi\u00f1edos en Rioja Alavesa","robots":{"index":"index","follow":"follow","max-snippet":"max-snippet:-1","max-image-preview":"max-image-preview:large","max-video-preview":"max-video-preview:-1"},"canonical":"https:\/\/coleccion.ostatu.com\/en\/contact\/","og_locale":"en_US","og_type":"article","og_title":"Contact - Bodegas Ostatu - Vi\u00f1edos en Rioja Alavesa","og_description":"CONTACT WITH US If you want to contact Ostatu for any information, or questions about national distribution, exports\u00a0or winemaking,\u00a0 you can contact us: NATIONAL DISTRIBUTION Gonzalo S\u00e1enz de Samaniegogonzalo@ostatu.com+34 688 666 161 EXPORT AREA Mariasun S\u00e1enz de Samaniegoinfo@ostatu.com+34 656 708 858 ENOLOGY AND VITICULTURE I\u00f1igo S\u00e1enz de Samaniegoinigo@ostatu.com+34 688 61 67 17 &#8220;Our wines are [&hellip;]","og_url":"https:\/\/coleccion.ostatu.com\/en\/contact\/","og_site_name":"Bodegas Ostatu - Vi\u00f1edos en Rioja Alavesa","article_modified_time":"2024-02-02T13:00:09+00:00","og_image":[{"width":298,"height":958,"url":"https:\/\/coleccion.ostatu.com\/wp-content\/uploads\/2024\/01\/vinedo.jpg","type":"image\/jpeg"}],"twitter_card":"summary_large_image","twitter_misc":{"Est. reading time":"1 minute"},"schema":{"@context":"https:\/\/schema.org","@graph":[{"@type":"WebPage","@id":"https:\/\/coleccion.ostatu.com\/en\/contact\/","url":"https:\/\/coleccion.ostatu.com\/en\/contact\/","name":"Contact - Bodegas Ostatu - Vi\u00f1edos en Rioja Alavesa","isPartOf":{"@id":"https:\/\/coleccion.ostatu.com\/en\/#website"},"primaryImageOfPage":{"@id":"https:\/\/coleccion.ostatu.com\/en\/contact\/#primaryimage"},"image":{"@id":"https:\/\/coleccion.ostatu.com\/en\/contact\/#primaryimage"},"thumbnailUrl":"https:\/\/coleccion.ostatu.com\/wp-content\/uploads\/2024\/01\/vinedo.jpg","datePublished":"2024-01-19T09:16:05+00:00","dateModified":"2024-02-02T13:00:09+00:00","breadcrumb":{"@id":"https:\/\/coleccion.ostatu.com\/en\/contact\/#breadcrumb"},"inLanguage":"en-US","potentialAction":[{"@type":"ReadAction","target":["https:\/\/coleccion.ostatu.com\/en\/contact\/"]}]},{"@type":"ImageObject","inLanguage":"en-US","@id":"https:\/\/coleccion.ostatu.com\/en\/contact\/#primaryimage","url":"https:\/\/coleccion.ostatu.com\/wp-content\/uploads\/2024\/01\/vinedo.jpg","contentUrl":"https:\/\/coleccion.ostatu.com\/wp-content\/uploads\/2024\/01\/vinedo.jpg","width":298,"height":958},{"@type":"BreadcrumbList","@id":"https:\/\/coleccion.ostatu.com\/en\/contact\/#breadcrumb","itemListElement":[{"@type":"ListItem","position":1,"name":"Portada","item":"https:\/\/coleccion.ostatu.com\/en\/"},{"@type":"ListItem","position":2,"name":"Contact"}]},{"@type":"WebSite","@id":"https:\/\/coleccion.ostatu.com\/en\/#website","url":"https:\/\/coleccion.ostatu.com\/en\/","name":"Bodegas Ostatu - Vi\u00f1edos en Rioja Alavesa","description":"","publisher":{"@id":"https:\/\/coleccion.ostatu.com\/en\/#organization"},"potentialAction":[{"@type":"SearchAction","target":{"@type":"EntryPoint","urlTemplate":"https:\/\/coleccion.ostatu.com\/en\/?s={search_term_string}"},"query-input":{"@type":"PropertyValueSpecification","valueRequired":true,"valueName":"search_term_string"}}],"inLanguage":"en-US"},{"@type":"Organization","@id":"https:\/\/coleccion.ostatu.com\/en\/#organization","name":"Bodegas Ostatu - Vi\u00f1edos en Rioja Alavesa","url":"https:\/\/coleccion.ostatu.com\/en\/","logo":{"@type":"ImageObject","inLanguage":"en-US","@id":"https:\/\/coleccion.ostatu.com\/en\/#\/schema\/logo\/image\/","url":"https:\/\/coleccion.ostatu.com\/wp-content\/uploads\/2024\/01\/logo.png","contentUrl":"https:\/\/coleccion.ostatu.com\/wp-content\/uploads\/2024\/01\/logo.png","width":156,"height":40,"caption":"Bodegas Ostatu - Vi\u00f1edos en Rioja Alavesa"},"image":{"@id":"https:\/\/coleccion.ostatu.com\/en\/#\/schema\/logo\/image\/"}}]}},"_links":{"self":[{"href":"https:\/\/coleccion.ostatu.com\/en\/wp-json\/wp\/v2\/pages\/1794","targetHints":{"allow":["GET"]}}],"collection":[{"href":"https:\/\/coleccion.ostatu.com\/en\/wp-json\/wp\/v2\/pages"}],"about":[{"href":"https:\/\/coleccion.ostatu.com\/en\/wp-json\/wp\/v2\/types\/page"}],"author":[{"embeddable":true,"href":"https:\/\/coleccion.ostatu.com\/en\/wp-json\/wp\/v2\/users\/1"}],"replies":[{"embeddable":true,"href":"https:\/\/coleccion.ostatu.com\/en\/wp-json\/wp\/v2\/comments?post=1794"}],"version-history":[{"count":27,"href":"https:\/\/coleccion.ostatu.com\/en\/wp-json\/wp\/v2\/pages\/1794\/revisions"}],"predecessor-version":[{"id":2430,"href":"https:\/\/coleccion.ostatu.com\/en\/wp-json\/wp\/v2\/pages\/1794\/revisions\/2430"}],"wp:featuredmedia":[{"embeddable":true,"href":"https:\/\/coleccion.ostatu.com\/en\/wp-json\/wp\/v2\/media\/1751"}],"wp:attachment":[{"href":"https:\/\/coleccion.ostatu.com\/en\/wp-json\/wp\/v2\/media?parent=1794"}],"curies":[{"name":"wp","href":"https:\/\/api.w.org\/{rel}","templated":true}]}}